{"id":7255,"date":"2016-09-02T09:07:21","date_gmt":"2016-09-02T08:07:21","guid":{"rendered":"https:\/\/silvercoasttravelling.com\/silver-coast-portugal-blog\/"},"modified":"2025-04-24T13:54:16","modified_gmt":"2025-04-24T12:54:16","slug":"blog-do-oeste","status":"publish","type":"page","link":"https:\/\/silvercoasttravelling.com\/pt-pt\/blog-do-oeste\/","title":{"rendered":"Blog da Zona Oeste"},"content":{"rendered":"","protected":false},"excerpt":{"rendered":"","protected":false},"author":1,"featured_media":8131,"parent":0,"menu_order":0,"comment_status":"closed","ping_status":"closed","template":"","meta":{"pagelayer_contact_templates":[],"_pagelayer_content":"","footnotes":""},"class_list":["post-7255","page","type-page","status-publish","has-post-thumbnail","hentry"],"yoast_head":"<!-- This site is optimized with the Yoast SEO plugin v25.0 - https:\/\/yoast.com\/wordpress\/plugins\/seo\/ -->\n<title>Blog da Zona Oeste | Silver Coast Travelling Tours Portugal<\/title>\n<meta name=\"description\" content=\"Junte-se ao blog da Zona Oeste e descubra a beleza desta regi\u00e3o, desde as deslumbrantes praias da Nazar\u00e9 at\u00e9 ao encanto hist\u00f3rico de \u00d3bidos!\" \/>\n<meta name=\"robots\" content=\"index, follow, max-snippet:-1, max-image-preview:large, max-video-preview:-1\" \/>\n<link rel=\"canonical\" href=\"https:\/\/silvercoasttravelling.com\/pt-pt\/blog-do-oeste\/\" \/>\n<meta property=\"og:locale\" content=\"pt_PT\" \/>\n<meta property=\"og:type\" content=\"article\" \/>\n<meta property=\"og:title\" content=\"Blog do Oeste | Silver Coast Travelling Tours Portugal\" \/>\n<meta property=\"og:description\" content=\"Junte-se ao blog do Oeste e descubra a beleza desta regi\u00e3o, desde as deslumbrantes praias da Nazar\u00e9 at\u00e9 ao encanto hist\u00f3rico de \u00d3bidos!\" \/>\n<meta property=\"og:url\" content=\"https:\/\/silvercoasttravelling.com\/pt-pt\/blog-do-oeste\/\" \/>\n<meta property=\"og:site_name\" content=\"Silver Coast Travelling\" \/>\n<meta property=\"article:publisher\" content=\"https:\/\/www.facebook.com\/SilverCoastTravellingTours\" \/>\n<meta property=\"article:modified_time\" content=\"2025-04-24T12:54:16+00:00\" \/>\n<meta property=\"og:image\" content=\"https:\/\/silvercoasttravelling.com\/wp-content\/uploads\/2025\/04\/Silver-Coast-Travelling-Tours-Portugal-Visitas-guiadas-no-Oeste-Blog-da-Zona-Oeste.jpg\" \/>\n\t<meta property=\"og:image:width\" content=\"1200\" \/>\n\t<meta property=\"og:image:height\" content=\"630\" \/>\n\t<meta property=\"og:image:type\" content=\"image\/jpeg\" \/>\n<meta name=\"twitter:card\" content=\"summary_large_image\" \/>\n<meta name=\"twitter:label1\" content=\"Tempo estimado de leitura\" \/>\n\t<meta name=\"twitter:data1\" content=\"2 minutos\" \/>\n<script type=\"application\/ld+json\" class=\"yoast-schema-graph\">{\"@context\":\"https:\/\/schema.org\",\"@graph\":[{\"@type\":\"WebPage\",\"@id\":\"https:\/\/silvercoasttravelling.com\/pt-pt\/blog-do-oeste\/\",\"url\":\"https:\/\/silvercoasttravelling.com\/pt-pt\/blog-do-oeste\/\",\"name\":\"Blog da Zona Oeste | Silver Coast Travelling Tours Portugal\",\"isPartOf\":{\"@id\":\"https:\/\/silvercoasttravelling.com\/pt-pt\/#website\"},\"primaryImageOfPage\":{\"@id\":\"https:\/\/silvercoasttravelling.com\/pt-pt\/blog-do-oeste\/#primaryimage\"},\"image\":{\"@id\":\"https:\/\/silvercoasttravelling.com\/pt-pt\/blog-do-oeste\/#primaryimage\"},\"thumbnailUrl\":\"https:\/\/silvercoasttravelling.com\/wp-content\/uploads\/2025\/04\/Silver-Coast-Travelling-Tours-Portugal-Visitas-guiadas-no-Oeste-Blog-da-Zona-Oeste.jpg\",\"datePublished\":\"2016-09-02T08:07:21+00:00\",\"dateModified\":\"2025-04-24T12:54:16+00:00\",\"description\":\"Junte-se ao blog da Zona Oeste e descubra a beleza desta regi\u00e3o, desde as deslumbrantes praias da Nazar\u00e9 at\u00e9 ao encanto hist\u00f3rico de \u00d3bidos!\",\"breadcrumb\":{\"@id\":\"https:\/\/silvercoasttravelling.com\/pt-pt\/blog-do-oeste\/#breadcrumb\"},\"inLanguage\":\"pt-PT\",\"potentialAction\":[{\"@type\":\"ReadAction\",\"target\":[\"https:\/\/silvercoasttravelling.com\/pt-pt\/blog-do-oeste\/\"]}]},{\"@type\":\"ImageObject\",\"inLanguage\":\"pt-PT\",\"@id\":\"https:\/\/silvercoasttravelling.com\/pt-pt\/blog-do-oeste\/#primaryimage\",\"url\":\"https:\/\/silvercoasttravelling.com\/wp-content\/uploads\/2025\/04\/Silver-Coast-Travelling-Tours-Portugal-Visitas-guiadas-no-Oeste-Blog-da-Zona-Oeste.jpg\",\"contentUrl\":\"https:\/\/silvercoasttravelling.com\/wp-content\/uploads\/2025\/04\/Silver-Coast-Travelling-Tours-Portugal-Visitas-guiadas-no-Oeste-Blog-da-Zona-Oeste.jpg\",\"width\":1200,\"height\":630,\"caption\":\"Silver-Coast-Travelling-Tours-Portugal-Visitas-guiadas-no-Oeste Blog-da-Zona-Oeste\"},{\"@type\":\"BreadcrumbList\",\"@id\":\"https:\/\/silvercoasttravelling.com\/pt-pt\/blog-do-oeste\/#breadcrumb\",\"itemListElement\":[{\"@type\":\"ListItem\",\"position\":1,\"name\":\"Home\",\"item\":\"https:\/\/silvercoasttravelling.com\/pt-pt\/\"},{\"@type\":\"ListItem\",\"position\":2,\"name\":\"Blog da Zona Oeste\"}]},{\"@type\":\"WebSite\",\"@id\":\"https:\/\/silvercoasttravelling.com\/pt-pt\/#website\",\"url\":\"https:\/\/silvercoasttravelling.com\/pt-pt\/\",\"name\":\"Silver Coast Travelling\",\"description\":\"Visitas guiadas e experi\u00eancias em Portugal\",\"potentialAction\":[{\"@type\":\"SearchAction\",\"target\":{\"@type\":\"EntryPoint\",\"urlTemplate\":\"https:\/\/silvercoasttravelling.com\/pt-pt\/?s={search_term_string}\"},\"query-input\":{\"@type\":\"PropertyValueSpecification\",\"valueRequired\":true,\"valueName\":\"search_term_string\"}}],\"inLanguage\":\"pt-PT\"}]}<\/script>\n<!-- \/ Yoast SEO plugin. -->","yoast_head_json":{"title":"Blog da Zona Oeste | Silver Coast Travelling Tours Portugal","description":"Junte-se ao blog da Zona Oeste e descubra a beleza desta regi\u00e3o, desde as deslumbrantes praias da Nazar\u00e9 at\u00e9 ao encanto hist\u00f3rico de \u00d3bidos!","robots":{"index":"index","follow":"follow","max-snippet":"max-snippet:-1","max-image-preview":"max-image-preview:large","max-video-preview":"max-video-preview:-1"},"canonical":"https:\/\/silvercoasttravelling.com\/pt-pt\/blog-do-oeste\/","og_locale":"pt_PT","og_type":"article","og_title":"Blog do Oeste | Silver Coast Travelling Tours Portugal","og_description":"Junte-se ao blog do Oeste e descubra a beleza desta regi\u00e3o, desde as deslumbrantes praias da Nazar\u00e9 at\u00e9 ao encanto hist\u00f3rico de \u00d3bidos!","og_url":"https:\/\/silvercoasttravelling.com\/pt-pt\/blog-do-oeste\/","og_site_name":"Silver Coast Travelling","article_publisher":"https:\/\/www.facebook.com\/SilverCoastTravellingTours","article_modified_time":"2025-04-24T12:54:16+00:00","og_image":[{"width":1200,"height":630,"url":"https:\/\/silvercoasttravelling.com\/wp-content\/uploads\/2025\/04\/Silver-Coast-Travelling-Tours-Portugal-Visitas-guiadas-no-Oeste-Blog-da-Zona-Oeste.jpg","type":"image\/jpeg"}],"twitter_card":"summary_large_image","twitter_misc":{"Tempo estimado de leitura":"2 minutos"},"schema":{"@context":"https:\/\/schema.org","@graph":[{"@type":"WebPage","@id":"https:\/\/silvercoasttravelling.com\/pt-pt\/blog-do-oeste\/","url":"https:\/\/silvercoasttravelling.com\/pt-pt\/blog-do-oeste\/","name":"Blog da Zona Oeste | Silver Coast Travelling Tours Portugal","isPartOf":{"@id":"https:\/\/silvercoasttravelling.com\/pt-pt\/#website"},"primaryImageOfPage":{"@id":"https:\/\/silvercoasttravelling.com\/pt-pt\/blog-do-oeste\/#primaryimage"},"image":{"@id":"https:\/\/silvercoasttravelling.com\/pt-pt\/blog-do-oeste\/#primaryimage"},"thumbnailUrl":"https:\/\/silvercoasttravelling.com\/wp-content\/uploads\/2025\/04\/Silver-Coast-Travelling-Tours-Portugal-Visitas-guiadas-no-Oeste-Blog-da-Zona-Oeste.jpg","datePublished":"2016-09-02T08:07:21+00:00","dateModified":"2025-04-24T12:54:16+00:00","description":"Junte-se ao blog da Zona Oeste e descubra a beleza desta regi\u00e3o, desde as deslumbrantes praias da Nazar\u00e9 at\u00e9 ao encanto hist\u00f3rico de \u00d3bidos!","breadcrumb":{"@id":"https:\/\/silvercoasttravelling.com\/pt-pt\/blog-do-oeste\/#breadcrumb"},"inLanguage":"pt-PT","potentialAction":[{"@type":"ReadAction","target":["https:\/\/silvercoasttravelling.com\/pt-pt\/blog-do-oeste\/"]}]},{"@type":"ImageObject","inLanguage":"pt-PT","@id":"https:\/\/silvercoasttravelling.com\/pt-pt\/blog-do-oeste\/#primaryimage","url":"https:\/\/silvercoasttravelling.com\/wp-content\/uploads\/2025\/04\/Silver-Coast-Travelling-Tours-Portugal-Visitas-guiadas-no-Oeste-Blog-da-Zona-Oeste.jpg","contentUrl":"https:\/\/silvercoasttravelling.com\/wp-content\/uploads\/2025\/04\/Silver-Coast-Travelling-Tours-Portugal-Visitas-guiadas-no-Oeste-Blog-da-Zona-Oeste.jpg","width":1200,"height":630,"caption":"Silver-Coast-Travelling-Tours-Portugal-Visitas-guiadas-no-Oeste Blog-da-Zona-Oeste"},{"@type":"BreadcrumbList","@id":"https:\/\/silvercoasttravelling.com\/pt-pt\/blog-do-oeste\/#breadcrumb","itemListElement":[{"@type":"ListItem","position":1,"name":"Home","item":"https:\/\/silvercoasttravelling.com\/pt-pt\/"},{"@type":"ListItem","position":2,"name":"Blog da Zona Oeste"}]},{"@type":"WebSite","@id":"https:\/\/silvercoasttravelling.com\/pt-pt\/#website","url":"https:\/\/silvercoasttravelling.com\/pt-pt\/","name":"Silver Coast Travelling","description":"Visitas guiadas e experi\u00eancias em Portugal","potentialAction":[{"@type":"SearchAction","target":{"@type":"EntryPoint","urlTemplate":"https:\/\/silvercoasttravelling.com\/pt-pt\/?s={search_term_string}"},"query-input":{"@type":"PropertyValueSpecification","valueRequired":true,"valueName":"search_term_string"}}],"inLanguage":"pt-PT"}]}},"_links":{"self":[{"href":"https:\/\/silvercoasttravelling.com\/pt-pt\/wp-json\/wp\/v2\/pages\/7255","targetHints":{"allow":["GET"]}}],"collection":[{"href":"https:\/\/silvercoasttravelling.com\/pt-pt\/wp-json\/wp\/v2\/pages"}],"about":[{"href":"https:\/\/silvercoasttravelling.com\/pt-pt\/wp-json\/wp\/v2\/types\/page"}],"author":[{"embeddable":true,"href":"https:\/\/silvercoasttravelling.com\/pt-pt\/wp-json\/wp\/v2\/users\/1"}],"replies":[{"embeddable":true,"href":"https:\/\/silvercoasttravelling.com\/pt-pt\/wp-json\/wp\/v2\/comments?post=7255"}],"version-history":[{"count":5,"href":"https:\/\/silvercoasttravelling.com\/pt-pt\/wp-json\/wp\/v2\/pages\/7255\/revisions"}],"predecessor-version":[{"id":8134,"href":"https:\/\/silvercoasttravelling.com\/pt-pt\/wp-json\/wp\/v2\/pages\/7255\/revisions\/8134"}],"wp:featuredmedia":[{"embeddable":true,"href":"https:\/\/silvercoasttravelling.com\/pt-pt\/wp-json\/wp\/v2\/media\/8131"}],"wp:attachment":[{"href":"https:\/\/silvercoasttravelling.com\/pt-pt\/wp-json\/wp\/v2\/media?parent=7255"}],"curies":[{"name":"wp","href":"https:\/\/api.w.org\/{rel}","templated":true}]}}