{"id":6251,"date":"2025-03-17T10:44:48","date_gmt":"2025-03-17T10:44:48","guid":{"rendered":"https:\/\/silvercoasttravelling.com\/terms-and-conditions\/"},"modified":"2025-04-22T10:16:31","modified_gmt":"2025-04-22T09:16:31","slug":"terms-and-conditions","status":"publish","type":"page","link":"https:\/\/silvercoasttravelling.com\/pt-pt\/terms-and-conditions\/","title":{"rendered":"Termos &amp; Condi\u00e7\u00f5es"},"content":{"rendered":"","protected":false},"excerpt":{"rendered":"","protected":false},"author":2,"featured_media":8079,"parent":0,"menu_order":0,"comment_status":"closed","ping_status":"closed","template":"","meta":{"pagelayer_contact_templates":[],"_pagelayer_content":"","footnotes":""},"class_list":["post-6251","page","type-page","status-publish","has-post-thumbnail","hentry"],"yoast_head":"<!-- This site is optimized with the Yoast SEO plugin v25.0 - https:\/\/yoast.com\/wordpress\/plugins\/seo\/ -->\n<title>Termos &amp; Condi\u00e7\u00f5es | Silver Coast Travelling Tours Portugal<\/title>\n<meta name=\"description\" content=\"Estes s\u00e3o os Termos &amp; Condi\u00e7\u00f5es da Silver Coast Travelling Tours Portugal e que permitem aos nossos cliente um maior entendimento da opera\u00e7\u00e3o\" \/>\n<meta name=\"robots\" content=\"index, follow, max-snippet:-1, max-image-preview:large, max-video-preview:-1\" \/>\n<link rel=\"canonical\" href=\"https:\/\/silvercoasttravelling.com\/pt-pt\/terms-and-conditions\/\" \/>\n<meta property=\"og:locale\" content=\"pt_PT\" \/>\n<meta property=\"og:type\" content=\"article\" \/>\n<meta property=\"og:title\" content=\"Termos &amp; Condi\u00e7\u00f5es | Silver Coast Travelling Tours Portugal\" \/>\n<meta property=\"og:description\" content=\"Estes s\u00e3o os Termos &amp; Condi\u00e7\u00f5es da Silver Coast Travelling Tours Portugal e que permitem aos nossos cliente um maior entendimento da opera\u00e7\u00e3o\" \/>\n<meta property=\"og:url\" content=\"https:\/\/silvercoasttravelling.com\/pt-pt\/terms-and-conditions\/\" \/>\n<meta property=\"og:site_name\" content=\"Silver Coast Travelling\" \/>\n<meta property=\"article:publisher\" content=\"https:\/\/www.facebook.com\/SilverCoastTravellingTours\" \/>\n<meta property=\"article:modified_time\" content=\"2025-04-22T09:16:31+00:00\" \/>\n<meta property=\"og:image\" content=\"https:\/\/silvercoasttravelling.com\/wp-content\/uploads\/2025\/04\/Silver-Coast-Travelling-Tours-and-Experiences-Portugal-1.jpg\" \/>\n\t<meta property=\"og:image:width\" content=\"1200\" \/>\n\t<meta property=\"og:image:height\" content=\"630\" \/>\n\t<meta property=\"og:image:type\" content=\"image\/jpeg\" \/>\n<meta name=\"twitter:card\" content=\"summary_large_image\" \/>\n<meta name=\"twitter:label1\" content=\"Tempo estimado de leitura\" \/>\n\t<meta name=\"twitter:data1\" content=\"3 minutos\" \/>\n<script type=\"application\/ld+json\" class=\"yoast-schema-graph\">{\"@context\":\"https:\/\/schema.org\",\"@graph\":[{\"@type\":\"WebPage\",\"@id\":\"https:\/\/silvercoasttravelling.com\/pt-pt\/terms-and-conditions\/\",\"url\":\"https:\/\/silvercoasttravelling.com\/pt-pt\/terms-and-conditions\/\",\"name\":\"Termos & Condi\u00e7\u00f5es | Silver Coast Travelling Tours Portugal\",\"isPartOf\":{\"@id\":\"https:\/\/silvercoasttravelling.com\/pt-pt\/#website\"},\"primaryImageOfPage\":{\"@id\":\"https:\/\/silvercoasttravelling.com\/pt-pt\/terms-and-conditions\/#primaryimage\"},\"image\":{\"@id\":\"https:\/\/silvercoasttravelling.com\/pt-pt\/terms-and-conditions\/#primaryimage\"},\"thumbnailUrl\":\"https:\/\/silvercoasttravelling.com\/wp-content\/uploads\/2025\/04\/Silver-Coast-Travelling-Tours-and-Experiences-Portugal-1.jpg\",\"datePublished\":\"2025-03-17T10:44:48+00:00\",\"dateModified\":\"2025-04-22T09:16:31+00:00\",\"description\":\"Estes s\u00e3o os Termos & Condi\u00e7\u00f5es da Silver Coast Travelling Tours Portugal e que permitem aos nossos cliente um maior entendimento da opera\u00e7\u00e3o\",\"breadcrumb\":{\"@id\":\"https:\/\/silvercoasttravelling.com\/pt-pt\/terms-and-conditions\/#breadcrumb\"},\"inLanguage\":\"pt-PT\",\"potentialAction\":[{\"@type\":\"ReadAction\",\"target\":[\"https:\/\/silvercoasttravelling.com\/pt-pt\/terms-and-conditions\/\"]}]},{\"@type\":\"ImageObject\",\"inLanguage\":\"pt-PT\",\"@id\":\"https:\/\/silvercoasttravelling.com\/pt-pt\/terms-and-conditions\/#primaryimage\",\"url\":\"https:\/\/silvercoasttravelling.com\/wp-content\/uploads\/2025\/04\/Silver-Coast-Travelling-Tours-and-Experiences-Portugal-1.jpg\",\"contentUrl\":\"https:\/\/silvercoasttravelling.com\/wp-content\/uploads\/2025\/04\/Silver-Coast-Travelling-Tours-and-Experiences-Portugal-1.jpg\",\"width\":1200,\"height\":630,\"caption\":\"Silver-Coast-Travelling-Tours-and-Experiences-Portugal\"},{\"@type\":\"BreadcrumbList\",\"@id\":\"https:\/\/silvercoasttravelling.com\/pt-pt\/terms-and-conditions\/#breadcrumb\",\"itemListElement\":[{\"@type\":\"ListItem\",\"position\":1,\"name\":\"Home\",\"item\":\"https:\/\/silvercoasttravelling.com\/pt-pt\/\"},{\"@type\":\"ListItem\",\"position\":2,\"name\":\"Termos &amp; Condi\u00e7\u00f5es\"}]},{\"@type\":\"WebSite\",\"@id\":\"https:\/\/silvercoasttravelling.com\/pt-pt\/#website\",\"url\":\"https:\/\/silvercoasttravelling.com\/pt-pt\/\",\"name\":\"Silver Coast Travelling\",\"description\":\"Visitas guiadas e experi\u00eancias em Portugal\",\"potentialAction\":[{\"@type\":\"SearchAction\",\"target\":{\"@type\":\"EntryPoint\",\"urlTemplate\":\"https:\/\/silvercoasttravelling.com\/pt-pt\/?s={search_term_string}\"},\"query-input\":{\"@type\":\"PropertyValueSpecification\",\"valueRequired\":true,\"valueName\":\"search_term_string\"}}],\"inLanguage\":\"pt-PT\"}]}<\/script>\n<!-- \/ Yoast SEO plugin. -->","yoast_head_json":{"title":"Termos & Condi\u00e7\u00f5es | Silver Coast Travelling Tours Portugal","description":"Estes s\u00e3o os Termos & Condi\u00e7\u00f5es da Silver Coast Travelling Tours Portugal e que permitem aos nossos cliente um maior entendimento da opera\u00e7\u00e3o","robots":{"index":"index","follow":"follow","max-snippet":"max-snippet:-1","max-image-preview":"max-image-preview:large","max-video-preview":"max-video-preview:-1"},"canonical":"https:\/\/silvercoasttravelling.com\/pt-pt\/terms-and-conditions\/","og_locale":"pt_PT","og_type":"article","og_title":"Termos & Condi\u00e7\u00f5es | Silver Coast Travelling Tours Portugal","og_description":"Estes s\u00e3o os Termos & Condi\u00e7\u00f5es da Silver Coast Travelling Tours Portugal e que permitem aos nossos cliente um maior entendimento da opera\u00e7\u00e3o","og_url":"https:\/\/silvercoasttravelling.com\/pt-pt\/terms-and-conditions\/","og_site_name":"Silver Coast Travelling","article_publisher":"https:\/\/www.facebook.com\/SilverCoastTravellingTours","article_modified_time":"2025-04-22T09:16:31+00:00","og_image":[{"width":1200,"height":630,"url":"https:\/\/silvercoasttravelling.com\/wp-content\/uploads\/2025\/04\/Silver-Coast-Travelling-Tours-and-Experiences-Portugal-1.jpg","type":"image\/jpeg"}],"twitter_card":"summary_large_image","twitter_misc":{"Tempo estimado de leitura":"3 minutos"},"schema":{"@context":"https:\/\/schema.org","@graph":[{"@type":"WebPage","@id":"https:\/\/silvercoasttravelling.com\/pt-pt\/terms-and-conditions\/","url":"https:\/\/silvercoasttravelling.com\/pt-pt\/terms-and-conditions\/","name":"Termos & Condi\u00e7\u00f5es | Silver Coast Travelling Tours Portugal","isPartOf":{"@id":"https:\/\/silvercoasttravelling.com\/pt-pt\/#website"},"primaryImageOfPage":{"@id":"https:\/\/silvercoasttravelling.com\/pt-pt\/terms-and-conditions\/#primaryimage"},"image":{"@id":"https:\/\/silvercoasttravelling.com\/pt-pt\/terms-and-conditions\/#primaryimage"},"thumbnailUrl":"https:\/\/silvercoasttravelling.com\/wp-content\/uploads\/2025\/04\/Silver-Coast-Travelling-Tours-and-Experiences-Portugal-1.jpg","datePublished":"2025-03-17T10:44:48+00:00","dateModified":"2025-04-22T09:16:31+00:00","description":"Estes s\u00e3o os Termos & Condi\u00e7\u00f5es da Silver Coast Travelling Tours Portugal e que permitem aos nossos cliente um maior entendimento da opera\u00e7\u00e3o","breadcrumb":{"@id":"https:\/\/silvercoasttravelling.com\/pt-pt\/terms-and-conditions\/#breadcrumb"},"inLanguage":"pt-PT","potentialAction":[{"@type":"ReadAction","target":["https:\/\/silvercoasttravelling.com\/pt-pt\/terms-and-conditions\/"]}]},{"@type":"ImageObject","inLanguage":"pt-PT","@id":"https:\/\/silvercoasttravelling.com\/pt-pt\/terms-and-conditions\/#primaryimage","url":"https:\/\/silvercoasttravelling.com\/wp-content\/uploads\/2025\/04\/Silver-Coast-Travelling-Tours-and-Experiences-Portugal-1.jpg","contentUrl":"https:\/\/silvercoasttravelling.com\/wp-content\/uploads\/2025\/04\/Silver-Coast-Travelling-Tours-and-Experiences-Portugal-1.jpg","width":1200,"height":630,"caption":"Silver-Coast-Travelling-Tours-and-Experiences-Portugal"},{"@type":"BreadcrumbList","@id":"https:\/\/silvercoasttravelling.com\/pt-pt\/terms-and-conditions\/#breadcrumb","itemListElement":[{"@type":"ListItem","position":1,"name":"Home","item":"https:\/\/silvercoasttravelling.com\/pt-pt\/"},{"@type":"ListItem","position":2,"name":"Termos &amp; Condi\u00e7\u00f5es"}]},{"@type":"WebSite","@id":"https:\/\/silvercoasttravelling.com\/pt-pt\/#website","url":"https:\/\/silvercoasttravelling.com\/pt-pt\/","name":"Silver Coast Travelling","description":"Visitas guiadas e experi\u00eancias em Portugal","potentialAction":[{"@type":"SearchAction","target":{"@type":"EntryPoint","urlTemplate":"https:\/\/silvercoasttravelling.com\/pt-pt\/?s={search_term_string}"},"query-input":{"@type":"PropertyValueSpecification","valueRequired":true,"valueName":"search_term_string"}}],"inLanguage":"pt-PT"}]}},"_links":{"self":[{"href":"https:\/\/silvercoasttravelling.com\/pt-pt\/wp-json\/wp\/v2\/pages\/6251","targetHints":{"allow":["GET"]}}],"collection":[{"href":"https:\/\/silvercoasttravelling.com\/pt-pt\/wp-json\/wp\/v2\/pages"}],"about":[{"href":"https:\/\/silvercoasttravelling.com\/pt-pt\/wp-json\/wp\/v2\/types\/page"}],"author":[{"embeddable":true,"href":"https:\/\/silvercoasttravelling.com\/pt-pt\/wp-json\/wp\/v2\/users\/2"}],"replies":[{"embeddable":true,"href":"https:\/\/silvercoasttravelling.com\/pt-pt\/wp-json\/wp\/v2\/comments?post=6251"}],"version-history":[{"count":5,"href":"https:\/\/silvercoasttravelling.com\/pt-pt\/wp-json\/wp\/v2\/pages\/6251\/revisions"}],"predecessor-version":[{"id":7944,"href":"https:\/\/silvercoasttravelling.com\/pt-pt\/wp-json\/wp\/v2\/pages\/6251\/revisions\/7944"}],"wp:featuredmedia":[{"embeddable":true,"href":"https:\/\/silvercoasttravelling.com\/pt-pt\/wp-json\/wp\/v2\/media\/8079"}],"wp:attachment":[{"href":"https:\/\/silvercoasttravelling.com\/pt-pt\/wp-json\/wp\/v2\/media?parent=6251"}],"curies":[{"name":"wp","href":"https:\/\/api.w.org\/{rel}","templated":true}]}}